{"id":37,"date":"2024-03-19T09:54:39","date_gmt":"2024-03-19T08:54:39","guid":{"rendered":"https:\/\/www.energiforeningenmidtthy.dk\/?page_id=37"},"modified":"2025-03-28T11:28:26","modified_gmt":"2025-03-28T10:28:26","slug":"formaal","status":"publish","type":"page","link":"https:\/\/www.energiforeningenmidtthy.dk\/?page_id=37","title":{"rendered":"Form\u00e5l"},"content":{"rendered":"\n<p>Den gr\u00f8nne omstilling kommer. For at p\u00e5virke den i vores lokalomr\u00e5de efter vores \u00f8nsker og behov, \u00f8nsker vi at organisere og arbejde for en god og bred lokaldemokratisk debat, s\u00e5 vi i Midtthy ogs\u00e5 f\u00e5r gavn af den kommende udvikling.<\/p>\n\n\n\n<p>Energiforeningen Midtthy er etableret for beboere i postnummer 7752, samt Stagstrup, Skjoldborg og Kallerup sogne. Se kortet under menupunktet &#8220;Det geografiske omr\u00e5de&#8221; ovenfor.<\/p>\n\n\n\n<p>Foreningens hovedform\u00e5l er at organisere borgerne i omr\u00e5det, for at sikre indflydelse til lokalomr\u00e5det i forbindelse med VE-projekter.<\/p>\n\n\n\n<p>Foreningen er ikke for eller imod opstilling af Vedvarende Energi-anl\u00e6g i foreningens omr\u00e5de.<br>Det er ogs\u00e5 foreningens form\u00e5l, at arbejde for at lokalomr\u00e5det tilgodeses i forbindelse med etablering af VE-projekter samt at s\u00f8ge indflydelse p\u00e5 anvendelse af midler i Gr\u00f8n Pulje for projekter opsat i foreningens geografi.<br><\/p>\n\n\n\n<p><\/p>\n\n\n\n<p><\/p>\n","protected":false},"excerpt":{"rendered":"<p>Den gr\u00f8nne omstilling kommer. For at p\u00e5virke den i vores lokalomr\u00e5de efter vores \u00f8nsker og behov, \u00f8nsker vi at organisere og arbejde for en god og bred lokaldemokratisk debat, s\u00e5 vi i Midtthy ogs\u00e5 f\u00e5r gavn af den kommende udvikling. Energiforeningen Midtthy er etableret for beboere i postnummer 7752, samt Stagstrup, Skjoldborg og Kallerup sogne. [&hellip;]<\/p>\n","protected":false},"author":1,"featured_media":0,"parent":0,"menu_order":0,"comment_status":"closed","ping_status":"closed","template":"","meta":{"footnotes":""},"class_list":["post-37","page","type-page","status-publish","hentry"],"_links":{"self":[{"href":"https:\/\/www.energiforeningenmidtthy.dk\/index.php?rest_route=\/wp\/v2\/pages\/37","targetHints":{"allow":["GET"]}}],"collection":[{"href":"https:\/\/www.energiforeningenmidtthy.dk\/index.php?rest_route=\/wp\/v2\/pages"}],"about":[{"href":"https:\/\/www.energiforeningenmidtthy.dk\/index.php?rest_route=\/wp\/v2\/types\/page"}],"author":[{"embeddable":true,"href":"https:\/\/www.energiforeningenmidtthy.dk\/index.php?rest_route=\/wp\/v2\/users\/1"}],"replies":[{"embeddable":true,"href":"https:\/\/www.energiforeningenmidtthy.dk\/index.php?rest_route=%2Fwp%2Fv2%2Fcomments&post=37"}],"version-history":[{"count":8,"href":"https:\/\/www.energiforeningenmidtthy.dk\/index.php?rest_route=\/wp\/v2\/pages\/37\/revisions"}],"predecessor-version":[{"id":142,"href":"https:\/\/www.energiforeningenmidtthy.dk\/index.php?rest_route=\/wp\/v2\/pages\/37\/revisions\/142"}],"wp:attachment":[{"href":"https:\/\/www.energiforeningenmidtthy.dk\/index.php?rest_route=%2Fwp%2Fv2%2Fmedia&parent=37"}],"curies":[{"name":"wp","href":"https:\/\/api.w.org\/{rel}","templated":true}]}}