{"id":41,"date":"2024-03-19T09:56:10","date_gmt":"2024-03-19T08:56:10","guid":{"rendered":"https:\/\/www.energiforeningenmidtthy.dk\/?page_id=41"},"modified":"2025-03-28T11:25:15","modified_gmt":"2025-03-28T10:25:15","slug":"vedtaegter-udkast","status":"publish","type":"page","link":"https:\/\/www.energiforeningenmidtthy.dk\/?page_id=41","title":{"rendered":"Vedt\u00e6gter"},"content":{"rendered":"\n<p><strong>Vedt\u00e6gter for Energiforeningen Midtthy<\/strong><\/p>\n\n\n\n<p><strong>\u00a7 l. Foreningens navn og hjemsted.<\/strong><\/p>\n\n\n\n<p>Foreningens navn er&nbsp;<strong>Energiforeningen Midtthy&nbsp;<\/strong>med hjemsted p\u00e5 formandens adresse.<\/p>\n\n\n\n<p><strong>\u00a7 2. Foreningens form\u00e5l og opgaver<\/strong><\/p>\n\n\n\n<p>Foreningens hovedform\u00e5l er at organisere borgerne i omr\u00e5det, for at sikre indflydelse til lokalomr\u00e5det i forbindelse med VE-projekter.<\/p>\n\n\n\n<p>Foreningen er ikke for eller imod opstilling af vedvarende energi (VE)-anl\u00e6g i foreningens omr\u00e5de.<br>Det er herunder foreningens form\u00e5l, at arbejde for at lokalomr\u00e5det tilgodeses i forbindelse med etablering af VE-projekter samt at s\u00f8ge indflydelse p\u00e5 anvendelse af midler i Gr\u00f8n Pulje for projekter opsat i foreningens geografi.<\/p>\n\n\n\n<p>Foreningens underform\u00e5l vil desuden v\u00e6re at:<\/p>\n\n\n\n<ul class=\"wp-block-list\">\n<li>Sikre et godt samarbejde med Thisted Kommune og andre lokale akt\u00f8rer.<\/li>\n\n\n\n<li>Sikre s\u00e5 stor en del som muligt af overskuddet fra nye VE-anl\u00e6g, kommer lokalsamfundet til gavn.<\/li>\n\n\n\n<li>N\u00e5r det vurderes form\u00e5lstjenligt at samarbejde med relevante lokale foreninger, borgerforeninger og lignende i forbindelse med etablering af VE-projekter og Gr\u00f8n Pulje Midler.<\/li>\n<\/ul>\n\n\n\n<p><strong>\u00a7 3. Medlemskab og kontingent<\/strong><\/p>\n\n\n\n<p>Som aktive medlemmer med stemmeret til foreningens generalforsamling kan optages enhver person over 18 \u00e5r med bop\u00e6lsadresse indenfor postnummer 7752, samt Kallerup, Skjoldborg og Stagstrup sogne, og som har lyst og vilje til at st\u00f8tte op om foreningens form\u00e5l.<\/p>\n\n\n\n<p>Personer med tilknytning til lokalomr\u00e5det, men med adresse uden for dette, kan optages som passive medlemmer med ret til at deltage i generalforsamlingen uden stemmeret, ligesom de ikke er valgbare til bestyrelsen. Foreninger kan ogs\u00e5 optages som passive medlemmer.<\/p>\n\n\n\n<p>Ved indmeldelse i foreningen oplyses navn og adresse samt mail. Hvis et medlem skifter adresse eller f\u00e5r en ny mailadresse, meddeles dette til foreningen.<\/p>\n\n\n\n<p>Generalforsamlingen kan v\u00e6lge at udvide medlemskredsen til andre lokalomr\u00e5der, der ber\u00f8res af et lokalt VE-anl\u00e6g.<\/p>\n\n\n\n<p><strong>\u00a7 4. Generalforsamling, dagsorden og valg af bestyrelse<\/strong><\/p>\n\n\n\n<p>Generalforsamlingen er foreningens \u00f8verste myndighed. Der afholdes ordin\u00e6r generalforsamling hvert \u00e5r i f\u00f8rste kvartal. Indkaldelse skal ske med mindst 4 ugers varsel pr. mail og\/eller elektronisk opslag til medlemmerne.<\/p>\n\n\n\n<p>Dagsorden for den ordin\u00e6re generalforsamling skal mindst indeholde f\u00f8lgende punkter:<\/p>\n\n\n\n<ol start=\"1\" class=\"wp-block-list\">\n<li>Valg af dirigent og 2 stemmet\u00e6llere.<\/li>\n\n\n\n<li>Afl\u00e6ggelse og dr\u00f8ftelse af bestyrelsens \u00e5rsberetning.<\/li>\n\n\n\n<li>Afl\u00e6ggelse af regnskab.<\/li>\n\n\n\n<li>Behandling af indkomne forslag.<\/li>\n\n\n\n<li>Fasts\u00e6ttelse af kontingent.<\/li>\n\n\n\n<li>Valg til bestyrelsen. Roterende valg med hhv. 3 og 2 bestyrelsesmedlemmer p\u00e5 valg hvert 2. \u00e5r.<\/li>\n\n\n\n<li>Valg af 2 suppleanter.<\/li>\n\n\n\n<li>Valg af 2 revisorer.<\/li>\n\n\n\n<li>Eventuelt.<\/li>\n<\/ol>\n\n\n\n<p>Generalforsamlingen ledes af en dirigent, der ikke m\u00e5 v\u00e6re medlem af bestyrelsen.<\/p>\n\n\n\n<p>Forslag til behandling p\u00e5 en ordin\u00e6r generalforsamling skal v\u00e6re formanden i h\u00e6nde senest 2 uger f\u00f8r generalforsamlingen. Endelig dagsorden udsendes til medlemmerne pr. mail og\/eller elektronisk opslag senest 7 dage f\u00f8r generalforsamlingen.<\/p>\n\n\n\n<p>Generalforsamlingen kan kun tr\u00e6ffe beslutning om sager, der er optaget p\u00e5 dagsordenen. Generalforsamlingen er beslutningsdygtig, n\u00e5r den er lovligt indkaldt.<\/p>\n\n\n\n<p>Beslutninger tr\u00e6ffes ved simpelt flertal. Alle med et aktivt medlemskab af foreningen har stemmeret. Der kan ikke p\u00e5 generalforsamlingen stemmes ved fuldmagt eller brev.<\/p>\n\n\n\n<p>Afstemninger kan foretages ved h\u00e5ndsopr\u00e6kning.<\/p>\n\n\n\n<p>Ved personvalg foretages dog altid skriftlig afstemning, hvis der er opstillet flere kandidater, end der skal v\u00e6lges. Skriftlig afstemning foretages endvidere, hvis dirigenten eller mindst 5 medlemmer \u00f8nsker det.<\/p>\n\n\n\n<p><strong>Valg af bestyrelse og suppleanter<\/strong><\/p>\n\n\n\n<p>Foreningens bestyrelse best\u00e5r af 5 medlemmer, og 2 suppleanter.<\/p>\n\n\n\n<p>Foreningen tilstr\u00e6ber, at bestyrelsens medlemmer repr\u00e6senterer foreningens geografiske omr\u00e5de.<\/p>\n\n\n\n<p>Alle aktive medlemmer p\u00e5 generalforsamlingen skal stemme p\u00e5 det antal kandidater, der skal v\u00e6lges til bestyrelsen. Herefter v\u00e6lges 2 suppleanter. Suppleanterne v\u00e6lges for et \u00e5r.<\/p>\n\n\n\n<p>Den valgte bestyrelse tr\u00e6der i funktion umiddelbart efter generalforsamlingen og konstituerer sig senest 14 dage efter generalforsamlingen. Konstituering og referat fra generalforsamlingen sendes til medlemmerne pr. e-mail umiddelbart derefter.<\/p>\n\n\n\n<p><strong>Erhvervsdrivende fond<\/strong><\/p>\n\n\n\n<p>Ved behov, kan foreningen tage initiativ til oprettelse af en erhvervsdrivende fond. Det vil kr\u00e6ve en stiftende generalforsamling for fonden.<\/p>\n\n\n\n<p><strong>\u00a7 5. Ekstraordin\u00e6r generalforsamling<\/strong><\/p>\n\n\n\n<p>Ekstraordin\u00e6r generalforsamling afholdes, n\u00e5r formanden eller et flertal i bestyrelsen finder det n\u00f8dvendigt, eller n\u00e5r mindst 1\/4 af de almindelige medlemmer skriftligt kr\u00e6ver det og samtidig meddeler de emner, som kr\u00e6ves behandlet af generalforsamlingen.<\/p>\n\n\n\n<p>Generalforsamlingen afholdes senest 4 uger efter, at beg\u00e6ringen herom er fremsat.<\/p>\n\n\n\n<p>Indkaldelsesfristen for en ekstraordin\u00e6r generalforsamling er 2 uger. Beslutninger tr\u00e6ffes p\u00e5 tilsvarende m\u00e5de som for ordin\u00e6r generalforsamling.<\/p>\n\n\n\n<p><strong>\u00a7 6. Foreningens daglige ledelse<\/strong><\/p>\n\n\n\n<p>Foreningens daglige ledelse udg\u00f8res af bestyrelsen. Bestyrelsen leder foreningen i overensstemmelse med n\u00e6rv\u00e6rende vedt\u00e6gter og generalforsamlingens beslutninger. Senest 14 dage efter nyvalg til bestyrelsen afholdes konstituerende m\u00f8de, hvor bestyrelsen blandt sine medlemmer v\u00e6lger formand, n\u00e6stformand, kasserer og evt. sekret\u00e6r.<\/p>\n\n\n\n<p>Formanden \u2013 og i dennes frav\u00e6r n\u00e6stformanden \u2013 indkalder til og leder bestyrelsens m\u00f8der. Indkaldelse til m\u00f8derne sker, n\u00e5r formanden sk\u00f8nner det n\u00f8dvendigt, eller hvis mindst 2 medlemmer af bestyrelsen frems\u00e6tter \u00f8nske om det overfor formanden.<\/p>\n\n\n\n<p>Indkaldelse sker skriftligt og med angivelse af dagsorden. Der udarbejdes referat af bestyrelsesm\u00f8derne. Referatet skal godkendes af bestyrelsen.<\/p>\n\n\n\n<p>Bestyrelsen tr\u00e6ffer sine beslutninger ved almindeligt flertal.<\/p>\n\n\n\n<p>Bestyrelsen holder l\u00f8bende medlemmerne orienteret om foreningens drift<\/p>\n\n\n\n<p>Bestyrelsen holder medlemsm\u00f8der, n\u00e5r den \u00f8nsker at orientere og dr\u00f8fte s\u00e6rlige sp\u00f8rgsm\u00e5l med medlemmerne. I invitationen angives, hvilke sp\u00f8rgsm\u00e5l, der er tale om.<\/p>\n\n\n\n<p>Hvis mindst 20 medlemmer skriftligt opfordrer bestyrelsen til at holde et medlemsm\u00f8de og med angivelse af en dagsorden, skal bestyrelsen indkalde hertil inden 14 dage.<\/p>\n\n\n\n<p><strong>\u00a7 7. \u00d8konomi<\/strong><\/p>\n\n\n\n<p>Eventuelle udgifter i forbindelse med foreningens drift afholdes ved tilskud fra fonde og virksomheder, sponsorater samt ved midler indtjent ved diverse aktiviteter samt eventuelt kontingent.<\/p>\n\n\n\n<p>\u00a7&nbsp;<strong>8. Tegningsregel<\/strong><\/p>\n\n\n\n<p>Foreningen tegnes af den samlede bestyrelse.<\/p>\n\n\n\n<p><strong>\u00a7 9. H\u00e6ftelse<\/strong><\/p>\n\n\n\n<p>Der p\u00e5hviler ikke foreningens medlemmer og bestyrelse, nogen personlig h\u00e6ftelse for de forpligtelser, foreningen, eller dens repr\u00e6sentanter m\u00e5tte indg\u00e5.<\/p>\n\n\n\n<p><strong>\u00a7 10. Vedt\u00e6gts\u00e6ndringer<\/strong><\/p>\n\n\n\n<p>N\u00e6rv\u00e6rende vedt\u00e6gter kan \u00e6ndres, n\u00e5r forslag herom er optaget p\u00e5 dagsordenen for en ordin\u00e6r eller ekstraordin\u00e6r generalforsamling.<\/p>\n\n\n\n<p>Vedt\u00e6gts\u00e6ndringer kr\u00e6ver 2\/3 flertal blandt de fremm\u00f8dte, stemmeberettigede medlemmer.<\/p>\n\n\n\n<p>Vedt\u00e6gts\u00e6ndringer tr\u00e6der i kraft, med virkning fra den generalforsamling, de vedtages p\u00e5.<\/p>\n\n\n\n<p>Hvis lovgivning kr\u00e6ver en vedt\u00e6gts\u00e6ndring, kan denne laves uden en generalforsamling. I dette tilf\u00e6lde udsendes de g\u00e6ldende vedt\u00e6gter til foreningens medlemmer.<\/p>\n\n\n\n<p><strong>\u00a7 11. Eksklusion<\/strong><\/p>\n\n\n\n<p>Hvis bestyrelsen enstemmigt vurderer, at et medlem aktivt modarbejder foreningens hovedform\u00e5l, har bestyrelsen ret til at ekskludere medlemmet.<\/p>\n\n\n\n<p><strong>\u00a7 12. Opl\u00f8sning af foreningen<\/strong><\/p>\n\n\n\n<p>Foreningens opl\u00f8sning kr\u00e6ver vedtagelse af to p\u00e5 hinanden f\u00f8lgende generalforsamlinger inden for 30 dage og med mindst 14 dages mellemrum. Ved den f\u00f8rste generalforsamling kr\u00e6ves et kvalificeret flertal p\u00e5 2\/3 af de fremm\u00f8dte, stemmeberettigede medlemmer. Ved den sidste generalforsamling kr\u00e6ves kun simpelt flertal.<\/p>\n\n\n\n<p>Den sidste generalforsamling beslutter, hvordan en eventuel formue skal anvendes, idet foreningens midler skal anvendes indenfor postnummer 7752 samt Kallerup, Skjoldborg og Stagstrup sogne, og idet formuen ikke kan udloddes direkte til foreningens medlemmer eller andre privatpersoner.<\/p>\n\n\n\n<p><em>Vedt\u00e6gterne godkendt p\u00e5 ordin\u00e6r generalforsamling tirsdag d. 11. marts 2025.<\/em><\/p>\n","protected":false},"excerpt":{"rendered":"<p>Vedt\u00e6gter for Energiforeningen Midtthy \u00a7 l. Foreningens navn og hjemsted. Foreningens navn er&nbsp;Energiforeningen Midtthy&nbsp;med hjemsted p\u00e5 formandens adresse. \u00a7 2. Foreningens form\u00e5l og opgaver Foreningens hovedform\u00e5l er at organisere borgerne i omr\u00e5det, for at sikre indflydelse til lokalomr\u00e5det i forbindelse med VE-projekter. Foreningen er ikke for eller imod opstilling af vedvarende energi (VE)-anl\u00e6g i foreningens [&hellip;]<\/p>\n","protected":false},"author":1,"featured_media":0,"parent":0,"menu_order":0,"comment_status":"closed","ping_status":"closed","template":"","meta":{"footnotes":""},"class_list":["post-41","page","type-page","status-publish","hentry"],"_links":{"self":[{"href":"https:\/\/www.energiforeningenmidtthy.dk\/index.php?rest_route=\/wp\/v2\/pages\/41","targetHints":{"allow":["GET"]}}],"collection":[{"href":"https:\/\/www.energiforeningenmidtthy.dk\/index.php?rest_route=\/wp\/v2\/pages"}],"about":[{"href":"https:\/\/www.energiforeningenmidtthy.dk\/index.php?rest_route=\/wp\/v2\/types\/page"}],"author":[{"embeddable":true,"href":"https:\/\/www.energiforeningenmidtthy.dk\/index.php?rest_route=\/wp\/v2\/users\/1"}],"replies":[{"embeddable":true,"href":"https:\/\/www.energiforeningenmidtthy.dk\/index.php?rest_route=%2Fwp%2Fv2%2Fcomments&post=41"}],"version-history":[{"count":10,"href":"https:\/\/www.energiforeningenmidtthy.dk\/index.php?rest_route=\/wp\/v2\/pages\/41\/revisions"}],"predecessor-version":[{"id":140,"href":"https:\/\/www.energiforeningenmidtthy.dk\/index.php?rest_route=\/wp\/v2\/pages\/41\/revisions\/140"}],"wp:attachment":[{"href":"https:\/\/www.energiforeningenmidtthy.dk\/index.php?rest_route=%2Fwp%2Fv2%2Fmedia&parent=41"}],"curies":[{"name":"wp","href":"https:\/\/api.w.org\/{rel}","templated":true}]}}